{"id":2,"date":"2018-08-24T15:36:25","date_gmt":"2018-08-24T15:36:25","guid":{"rendered":"http:\/\/kristiinapiha.fi\/?page_id=2"},"modified":"2026-04-27T17:15:49","modified_gmt":"2026-04-27T17:15:49","slug":"sample-page","status":"publish","type":"page","link":"https:\/\/kristiinapiha.fi\/","title":{"rendered":""},"content":{"rendered":"<h1>Tervetuloa!<\/h1>\n<p>Olen psykodynaaminen kouluttajapsykoterapeutti (VET)(Valvira) <strong>Kristiina Piha<\/strong>. Tarjoan psykodynaamista yksil\u00f6psykoterapiaa lapsille, nuorille ja aikuisille l\u00e4hes 40 vuoden kokemuksella. Annan terapiaa suomeksi, englanniksi, ranskaksi ja ruotsiksi.<\/p>\n<p>Olen Kela:n hyv\u00e4ksym\u00e4 palveluntuottaja sek\u00e4 kuntoutuspsykoterapeuttina ett\u00e4 vaativan l\u00e4\u00e4kinn\u00e4llisen kuntoutuksen psykoterapeuttina.<\/p>\n<p>Tarvittaessa on mahdollisuus my\u00f6s et\u00e4terapiaan suojatulla et\u00e4yhteydell\u00e4.<\/p>\n<p>Py\u00f6r\u00e4tuoliasiakkaat: Toimitilan eteen p\u00e4\u00e4see invataksilla. Sis\u00e4\u00e4nk\u00e4ynnin edess\u00e4 on yksi n. 10 cm askelma, joka edellytt\u00e4\u00e4 yht\u00e4 porrasvetoa ja jonka ylitykseen palveluntuottaja antaa tarvittaessa avun. Palveluntuottaja on sovitusti paikalla varmistamassa turvallisen sis\u00e4\u00e4nk\u00e4ynnin. Hissiin mahtuu py\u00f6r\u00e4tuoli, vastaanottotila on esteet\u00f6n.<\/p>\n<h4>Vapautuvat paikat<\/h4>\n<p>Syyskuun alussa on paikka vapaana yhdelle asiakkaalle.<\/p>\n<h4>Yhteystiedot<\/h4>\n<p>Kristiina Piha<br \/>Psykodynaaminen kouluttajapsykoterapeutti (Valvira)<br \/>040 542 0635<br \/><a href=\"mailto:kristiina.piha@kolumbus.fi\">kristiina.piha@kolumbus.fi<\/a><\/p>\n<p>K\u00e4yntiosoite:<br \/>Uudenmaankatu 12 b 26,<br \/>20500 Turku<\/p>\n<h3>Omavalvontasuunnitelma (PDF)<\/h3>\n\n\n<div class=\"wp-block-file\"><a id=\"wp-block-file--media-a248519e-ce60-4001-9d64-0588e2da8c23\" href=\"https:\/\/kristiinapiha.fi\/wp-content\/uploads\/2026\/04\/omavalvontasuunnitelma-kristiina-piha.pdf\">omavalvontasuunnitelma-kristiina-piha<\/a><a href=\"https:\/\/kristiinapiha.fi\/wp-content\/uploads\/2026\/04\/omavalvontasuunnitelma-kristiina-piha.pdf\" class=\"wp-block-file__button wp-element-button\" download aria-describedby=\"wp-block-file--media-a248519e-ce60-4001-9d64-0588e2da8c23\">Lataa<\/a><\/div>\n","protected":false},"excerpt":{"rendered":"<p>Tervetuloa! Olen psykodynaaminen kouluttajapsykoterapeutti (VET)(Valvira) Kristiina Piha. Tarjoan psykodynaamista yksil\u00f6psykoterapiaa lapsille, nuorille ja aikuisille l\u00e4hes 40 vuoden kokemuksella. Annan terapiaa suomeksi, englanniksi, ranskaksi ja ruotsiksi. Olen Kela:n hyv\u00e4ksym\u00e4 palveluntuottaja sek\u00e4 kuntoutuspsykoterapeuttina ett\u00e4 vaativan l\u00e4\u00e4kinn\u00e4llisen kuntoutuksen psykoterapeuttina. Tarvittaessa on mahdollisuus my\u00f6s et\u00e4terapiaan suojatulla et\u00e4yhteydell\u00e4. Py\u00f6r\u00e4tuoliasiakkaat: Toimitilan eteen p\u00e4\u00e4see invataksilla. Sis\u00e4\u00e4nk\u00e4ynnin edess\u00e4 on yksi n. 10 cm &hellip; <\/p>\n<p class=\"link-more\"><a href=\"https:\/\/kristiinapiha.fi\/\" class=\"more-link\">Jatka lukemista<span class=\"screen-reader-text\"> &#8221;&#8221;<\/span><\/a><\/p>\n","protected":false},"author":1,"featured_media":0,"parent":0,"menu_order":0,"comment_status":"closed","ping_status":"open","template":"","meta":{"footnotes":""},"class_list":["post-2","page","type-page","status-publish","hentry"],"_links":{"self":[{"href":"https:\/\/kristiinapiha.fi\/index.php?rest_route=\/wp\/v2\/pages\/2","targetHints":{"allow":["GET"]}}],"collection":[{"href":"https:\/\/kristiinapiha.fi\/index.php?rest_route=\/wp\/v2\/pages"}],"about":[{"href":"https:\/\/kristiinapiha.fi\/index.php?rest_route=\/wp\/v2\/types\/page"}],"author":[{"embeddable":true,"href":"https:\/\/kristiinapiha.fi\/index.php?rest_route=\/wp\/v2\/users\/1"}],"replies":[{"embeddable":true,"href":"https:\/\/kristiinapiha.fi\/index.php?rest_route=%2Fwp%2Fv2%2Fcomments&post=2"}],"version-history":[{"count":18,"href":"https:\/\/kristiinapiha.fi\/index.php?rest_route=\/wp\/v2\/pages\/2\/revisions"}],"predecessor-version":[{"id":44,"href":"https:\/\/kristiinapiha.fi\/index.php?rest_route=\/wp\/v2\/pages\/2\/revisions\/44"}],"wp:attachment":[{"href":"https:\/\/kristiinapiha.fi\/index.php?rest_route=%2Fwp%2Fv2%2Fmedia&parent=2"}],"curies":[{"name":"wp","href":"https:\/\/api.w.org\/{rel}","templated":true}]}}